{"id":10,"date":"2020-02-24T08:31:52","date_gmt":"2020-02-24T05:31:52","guid":{"rendered":"https:\/\/vjustice.sa\/fr\/?page_id=10"},"modified":"2020-02-24T08:31:52","modified_gmt":"2020-02-24T05:31:52","slug":"qui-sommes-nous","status":"publish","type":"page","link":"https:\/\/vjustice.sa\/fr\/qui-sommes-nous\/","title":{"rendered":"Qui sommes-nous"},"content":{"rendered":"<p>[mhc_section admin_label=&#8221;section&#8221; background_color=&#8221;#f1f1f1&#8243; inner_shadow=&#8221;on&#8221; fullwidth=&#8221;on&#8221; transparent_background=&#8221;off&#8221; gradient_background=&#8221;off&#8221; background_color_second=&#8221;#444444&#8243; gradient_style=&#8221;horizontal&#8221; parallax=&#8221;off&#8221; parallax_method=&#8221;off&#8221; video_pause=&#8221;off&#8221; allow_advanced_padding=&#8221;off&#8221; remove_padding=&#8221;off&#8221; force_fullwidth=&#8221;off&#8221; column_paddings=&#8221;padding-0pct&#8221; column_match_heights=&#8221;off&#8221; separator_top=&#8221;off&#8221; separator_bottom=&#8221;off&#8221; background_image=&#8221;https:\/\/vjustice.sa\/fr\/wp-content\/uploads\/2020\/02\/architectural-design-architecture-ceiling-chairs-380768-scaled-1.jpg&#8221;][mhc_fullwidth_header admin_label=&#8221;\u0639\u0646\u0648\u0627\u0646 \u0628\u0639\u0631\u0636 \u0643\u0627\u0645\u0644&#8221; title=&#8221;Qui sommes-nous&#8221; background_layout=&#8221;custom&#8221; text_orientation=&#8221;right&#8221; use_icon=&#8221;off&#8221; font_list=&#8221;mhicons&#8221; icon_color=&#8221;#44cdcd&#8221; use_circle=&#8221;off&#8221; circle_color=&#8221;#44cdcd&#8221; use_circle_border=&#8221;off&#8221; circle_border_color=&#8221;#44cdcd&#8221; subhead_position=&#8221;bottom&#8221; animation=&#8221;bottom&#8221; title_bold=&#8221;on&#8221; custom_paddings=&#8221;70px&#8221; use_circle_bg=&#8221;off&#8221; use_icon_size=&#8221;off&#8221; icon_size=&#8221;50&#8243; size=&#8221;36&#8243; color=&#8221;#0a7099&#8243; subhead_color=&#8221;#727272&#8243;] [\/mhc_fullwidth_header][\/mhc_section][mhc_section admin_label=&#8221;\u0642\u0633\u0645&#8221; fullwidth=&#8221;off&#8221; specialty=&#8221;off&#8221; transparent_background=&#8221;off&#8221; gradient_background=&#8221;off&#8221; background_color=&#8221;#ffffff&#8221; gradient_style=&#8221;horizontal&#8221; inner_shadow=&#8221;off&#8221; parallax=&#8221;off&#8221; parallax_method=&#8221;off&#8221; video_pause=&#8221;off&#8221; allow_advanced_padding=&#8221;off&#8221; remove_padding=&#8221;off&#8221; force_fullwidth=&#8221;off&#8221; column_paddings=&#8221;padding-0pct&#8221; column_match_heights=&#8221;off&#8221; separator_top=&#8221;off&#8221; separator_bottom=&#8221;off&#8221;][mhc_row admin_label=&#8221;\u0635\u0641&#8221;][mhc_column type=&#8221;1_2&#8243;][mhc_image admin_label=&#8221;\u0635\u0648\u0631\u0629&#8221; src=&#8221;https:\/\/vjustice.sa\/fr\/wp-content\/uploads\/2020\/02\/WhatsApp-Image-2020-01-21-at-6.39.05-PM.jpeg&#8221; show_in_lightbox=&#8221;off&#8221; url_new_window=&#8221;off&#8221; animation=&#8221;right&#8221; hoverfx=&#8221;none&#8221; sticky=&#8221;off&#8221; image_mask=&#8221;off&#8221; border_radius=&#8221;0&#8243; align=&#8221;center&#8221; force_center_on_mobile=&#8221;on&#8221;] [\/mhc_image][\/mhc_column][mhc_column type=&#8221;1_2&#8243;][mhc_text admin_label=&#8221;\u0646\u0635&#8221; background_layout=&#8221;light&#8221; text_orientation=&#8221;justified&#8221;]<\/p>\n<p><span style=\"color: #0a7099; font-size: 72px;\"><strong>1.<\/strong><\/span><\/p>\n<p>Qui sommes-nous?<\/p>\n<p>Le bureau VisionGastes comprend un groupe d&#8217;avocats et de consultants ayant des t\u00e2ches et des exp\u00e9riences diverses dans tous les domaines li\u00e9s aux domaines de la vie \u00e9conomique, sociale et administrative, travaillant avec un m\u00e9lange de compr\u00e9hension et de coop\u00e9ration avec les clients pour contribuer \u00e0 atteindre les objectifs souhait\u00e9s, avec leur capacit\u00e9 \u00e0 suivre le d\u00e9veloppement rapide de l&#8217;\u00e8re moderne en termes de l\u00e9gislation, de pratique et de science.<\/p>\n<p>[\/mhc_text][\/mhc_column][\/mhc_row][mhc_row admin_label=&#8221;\u0635\u0641&#8221;][mhc_column type=&#8221;1_2&#8243;][mhc_text admin_label=&#8221;\u0646\u0635&#8221; background_layout=&#8221;light&#8221; text_orientation=&#8221;justified&#8221;]<\/p>\n<p><span style=\"color: #0a7099; font-size: 72px;\"><strong>2.<\/strong><\/span><\/p>\n<p>Notre objectif<\/p>\n<p>Le bureau VisionGastes cherche \u00e0 \u00e9tablir des relations de travail \u00e9tendues avec ses clients en travaillant pour atteindre les objectifs de nos clients avec les meilleures m\u00e9thodes scientifiques en tenant compte de l&#8217;importance du facteur temps tout en leur assurant une protection optimale pour la plus longue p\u00e9riode de temps. Jeunes cartes professionnelles<\/p>\n<p>[\/mhc_text][mhc_social_media_follow admin_label=&#8221;\u0623\u064a\u0642\u0648\u0646\u0627\u062a \u0627\u0644\u062a\u0648\u0627\u0635\u0644&#8221; link_shape=&#8221;square&#8221; icons_size=&#8221;small&#8221; background_layout=&#8221;light&#8221; icons_alignment=&#8221;right&#8221; url_new_window=&#8221;on&#8221;] [mhc_social_media_follow_network social_network=&#8221;twitter&#8221; skype_action=&#8221;call&#8221; bg_color=&#8221;#00aced&#8221; follow_button=&#8221;on&#8221; follow_text=&#8221;\u062a\u0627\u0628\u0639\u0646\u0627 \u0639\u0644\u0649 \u062a\u0648\u064a\u062a\u0631&#8221;] Twitter [\/mhc_social_media_follow_network][mhc_social_media_follow_network social_network=&#8221;facebook&#8221; skype_action=&#8221;call&#8221; bg_color=&#8221;#3b5998&#8243; follow_button=&#8221;off&#8221; follow_text=&#8221;\u062a\u0627\u0628\u0639\u0646\u0627 \u0639\u0644\u0649 \u0641\u064a\u0633\u0628\u0648\u0643&#8221;] Facebook [\/mhc_social_media_follow_network][mhc_social_media_follow_network social_network=&#8221;instagram&#8221; skype_action=&#8221;call&#8221; bg_color=&#8221;#e1306c&#8221; follow_button=&#8221;off&#8221; follow_text=&#8221;\u062a\u0627\u0628\u0639\u0646\u0627 \u0639\u0644\u0649 \u0627\u0646\u0633\u062a\u062c\u0631\u0627\u0645&#8221;] Instagram [\/mhc_social_media_follow_network][mhc_social_media_follow_network social_network=&#8221;youtube&#8221; url=&#8221;#&#8221; skype_action=&#8221;call&#8221; bg_color=&#8221;#a82400&#8243; follow_button=&#8221;off&#8221;]<\/p>\n<p>Youtube<\/p>\n<p>[\/mhc_social_media_follow_network][mhc_social_media_follow_network social_network=&#8221;periscope&#8221; url=&#8221;#&#8221; skype_action=&#8221;call&#8221; bg_color=&#8221;#40a4c4&#8243; follow_button=&#8221;off&#8221;]<\/p>\n<p>\u200fPeriscope<\/p>\n<p>[\/mhc_social_media_follow_network] [\/mhc_social_media_follow][\/mhc_column][mhc_column type=&#8221;1_2&#8243;][mhc_image admin_label=&#8221;\u0635\u0648\u0631\u0629&#8221; src=&#8221;https:\/\/vjustice.sa\/fr\/wp-content\/uploads\/2020\/02\/black-dart-pink-attach-on-yellow-green-and-red-dart-board-15812-scaled-1.jpg&#8221; show_in_lightbox=&#8221;off&#8221; url_new_window=&#8221;off&#8221; animation=&#8221;right&#8221; hoverfx=&#8221;none&#8221; sticky=&#8221;off&#8221; image_mask=&#8221;off&#8221; border_radius=&#8221;0&#8243; align=&#8221;right&#8221; force_center_on_mobile=&#8221;on&#8221;] [\/mhc_image][\/mhc_column][\/mhc_row][\/mhc_section][mhc_section admin_label=&#8221;\u0642\u0633\u0645&#8221; fullwidth=&#8221;off&#8221; specialty=&#8221;off&#8221; transparent_background=&#8221;off&#8221; gradient_background=&#8221;off&#8221; background_color=&#8221;#262c33&#8243; gradient_style=&#8221;horizontal&#8221; inner_shadow=&#8221;off&#8221; parallax=&#8221;off&#8221; parallax_method=&#8221;off&#8221; video_pause=&#8221;off&#8221; allow_advanced_padding=&#8221;off&#8221; remove_padding=&#8221;off&#8221; force_fullwidth=&#8221;off&#8221; column_paddings=&#8221;padding-0pct&#8221; column_match_heights=&#8221;off&#8221; separator_top=&#8221;off&#8221; separator_bottom=&#8221;off&#8221;][mhc_row admin_label=&#8221;row&#8221; gradient_background=&#8221;off&#8221; gradient_style=&#8221;horizontal&#8221; remove_padding=&#8221;off&#8221;][mhc_column type=&#8221;3_4 w7_9_5&#8243;][mhc_cta admin_label=&#8221;\u0645\u0631\u0628\u0639 \u062a\u0633\u0648\u064a\u0642\u064a&#8221; title=&#8221;Comment pouvons-nous vous servir?&#8221; button_url=&#8221;https:\/\/vjustice.sa\/fr\/contact-us\/&#8221; button_text=&#8221;Contactez nous&#8221; background_color=&#8221;#44cdcd&#8221; use_background_color=&#8221;off&#8221; background_layout=&#8221;dark&#8221; text_orientation=&#8221;center&#8221; button_style=&#8221;off&#8221; button_color=&#8221;#44cdcd&#8221; button_text_color=&#8221;#ffffff&#8221; url_new_window=&#8221;off&#8221; use_icon=&#8221;off&#8221; font_list=&#8221;mhicons&#8221; animation=&#8221;bottom&#8221; button_fx=&#8221;off&#8221; wide_button=&#8221;off&#8221;]<\/p>\n<div class=\"mhc_promo_description\">\n<p>Nous sommes heureux de recevoir les consultations par e-mail, et vous recevrez une r\u00e9ponse dans les 24 heures suivant la confirmation de votre consultation.Nous fournissons \u00e9galement le service de paiement de la valeur de la consultation via les services de paiement \u00e9lectronique.<\/p>\n<\/div>\n<p>[\/mhc_cta][\/mhc_column][\/mhc_row][\/mhc_section]<\/p>\n","protected":false},"excerpt":{"rendered":"<p>[mhc_section admin_label=&#8221;section&#8221; background_color=&#8221;#f1f1f1&#8243; inner_shadow=&#8221;on&#8221; fullwidth=&#8221;on&#8221; transparent_background=&#8221;off&#8221; gradient_background=&#8221;off&#8221; background_color_second=&#8221;#444444&#8243; gradient_style=&#8221;horizontal&#8221; parallax=&#8221;off&#8221; parallax_method=&#8221;off&#8221; video_pause=&#8221;off&#8221; allow_advanced_padding=&#8221;off&#8221; remove_padding=&#8221;off&#8221; force_fullwidth=&#8221;off&#8221; column_paddings=&#8221;padding-0pct&#8221; column_match_heights=&#8221;off&#8221; separator_top=&#8221;off&#8221; separator_bottom=&#8221;off&#8221; background_image=&#8221;https:\/\/vjustice.sa\/fr\/wp-content\/uploads\/2020\/02\/architectural-design-architecture-ceiling-chairs-380768-scaled-1.jpg&#8221;][mhc_fullwidth_header admin_label=&#8221;\u0639\u0646\u0648\u0627\u0646 \u0628\u0639\u0631\u0636 \u0643\u0627\u0645\u0644&#8221; title=&#8221;Qui sommes-nous&#8221; background_layout=&#8221;custom&#8221; text_orientation=&#8221;right&#8221; use_icon=&#8221;off&#8221; font_list=&#8221;mhicons&#8221; icon_color=&#8221;#44cdcd&#8221; use_circle=&#8221;off&#8221; circle_color=&#8221;#44cdcd&#8221; use_circle_border=&#8221;off&#8221; circle_border_color=&#8221;#44cdcd&#8221; subhead_position=&#8221;bottom&#8221; animation=&#8221;bottom&#8221; title_bold=&#8221;on&#8221; custom_paddings=&#8221;70px&#8221; use_circle_bg=&#8221;off&#8221; use_icon_size=&#8221;off&#8221; icon_size=&#8221;50&#8243; size=&#8221;36&#8243; color=&#8221;#0a7099&#8243; subhead_color=&#8221;#727272&#8243;] [\/mhc_fullwidth_header][\/mhc_section][mhc_section admin_label=&#8221;\u0642\u0633\u0645&#8221; fullwidth=&#8221;off&#8221; specialty=&#8221;off&#8221; transparent_background=&#8221;off&#8221; gradient_background=&#8221;off&#8221; background_color=&#8221;#ffffff&#8221; gradient_style=&#8221;horizontal&#8221; inner_shadow=&#8221;off&#8221; parallax=&#8221;off&#8221; parallax_method=&#8221;off&#8221; [&hellip;]<\/p>\n","protected":false},"author":1,"featured_media":0,"parent":0,"menu_order":0,"comment_status":"closed","ping_status":"closed","template":"","meta":{"footnotes":""},"class_list":["post-10","page","type-page","status-publish","hentry"],"_links":{"self":[{"href":"https:\/\/vjustice.sa\/fr\/wp-json\/wp\/v2\/pages\/10","targetHints":{"allow":["GET"]}}],"collection":[{"href":"https:\/\/vjustice.sa\/fr\/wp-json\/wp\/v2\/pages"}],"about":[{"href":"https:\/\/vjustice.sa\/fr\/wp-json\/wp\/v2\/types\/page"}],"author":[{"embeddable":true,"href":"https:\/\/vjustice.sa\/fr\/wp-json\/wp\/v2\/users\/1"}],"replies":[{"embeddable":true,"href":"https:\/\/vjustice.sa\/fr\/wp-json\/wp\/v2\/comments?post=10"}],"version-history":[{"count":1,"href":"https:\/\/vjustice.sa\/fr\/wp-json\/wp\/v2\/pages\/10\/revisions"}],"predecessor-version":[{"id":9503,"href":"https:\/\/vjustice.sa\/fr\/wp-json\/wp\/v2\/pages\/10\/revisions\/9503"}],"wp:attachment":[{"href":"https:\/\/vjustice.sa\/fr\/wp-json\/wp\/v2\/media?parent=10"}],"curies":[{"name":"wp","href":"https:\/\/api.w.org\/{rel}","templated":true}]}}