{"id":9504,"date":"2020-02-24T08:36:42","date_gmt":"2020-02-24T05:36:42","guid":{"rendered":"https:\/\/vjustice.sa\/fr\/?page_id=9504"},"modified":"2020-02-24T08:36:42","modified_gmt":"2020-02-24T05:36:42","slug":"nos-prestations","status":"publish","type":"page","link":"https:\/\/vjustice.sa\/fr\/nos-prestations\/","title":{"rendered":"Nos prestations"},"content":{"rendered":"<p>[mhc_section admin_label=&#8221;section&#8221; background_color=&#8221;#f1f1f1&#8243; inner_shadow=&#8221;on&#8221; fullwidth=&#8221;on&#8221; transparent_background=&#8221;off&#8221; gradient_background=&#8221;off&#8221; background_color_second=&#8221;#444444&#8243; gradient_style=&#8221;horizontal&#8221; parallax=&#8221;off&#8221; parallax_method=&#8221;off&#8221; video_pause=&#8221;off&#8221; allow_advanced_padding=&#8221;off&#8221; remove_padding=&#8221;off&#8221; force_fullwidth=&#8221;off&#8221; column_paddings=&#8221;padding-0pct&#8221; column_match_heights=&#8221;off&#8221; separator_top=&#8221;off&#8221; separator_bottom=&#8221;off&#8221; background_image=&#8221;https:\/\/vjustice.sa\/fr\/wp-content\/uploads\/2020\/02\/adult-blur-boss-business-288477-scaled-1.jpg&#8221;][mhc_fullwidth_header admin_label=&#8221;\u0639\u0646\u0648\u0627\u0646 \u0628\u0639\u0631\u0636 \u0643\u0627\u0645\u0644&#8221; title=&#8221;Nos prestations&#8221; background_layout=&#8221;custom&#8221; text_orientation=&#8221;right&#8221; use_icon=&#8221;off&#8221; font_list=&#8221;mhicons&#8221; icon_color=&#8221;#44cdcd&#8221; use_circle=&#8221;off&#8221; circle_color=&#8221;#44cdcd&#8221; use_circle_border=&#8221;off&#8221; circle_border_color=&#8221;#44cdcd&#8221; subhead_position=&#8221;bottom&#8221; animation=&#8221;bottom&#8221; title_bold=&#8221;on&#8221; custom_paddings=&#8221;70px&#8221; use_circle_bg=&#8221;off&#8221; use_icon_size=&#8221;off&#8221; icon_size=&#8221;50&#8243; size=&#8221;36&#8243; color=&#8221;#ffffff&#8221; subhead_color=&#8221;#727272&#8243;] [\/mhc_fullwidth_header][\/mhc_section][mhc_section admin_label=&#8221;\u0642\u0633\u0645&#8221; fullwidth=&#8221;off&#8221; specialty=&#8221;off&#8221; transparent_background=&#8221;off&#8221; gradient_background=&#8221;off&#8221; background_color=&#8221;#ffffff&#8221; gradient_style=&#8221;horizontal&#8221; inner_shadow=&#8221;off&#8221; parallax=&#8221;off&#8221; parallax_method=&#8221;off&#8221; video_pause=&#8221;off&#8221; allow_advanced_padding=&#8221;off&#8221; remove_padding=&#8221;off&#8221; force_fullwidth=&#8221;off&#8221; column_paddings=&#8221;padding-0pct&#8221; column_match_heights=&#8221;off&#8221; separator_top=&#8221;off&#8221; separator_bottom=&#8221;off&#8221;][mhc_row admin_label=&#8221;\u0635\u0641&#8221;][mhc_column type=&#8221;1_2&#8243;][mhc_cta admin_label=&#8221;\u0645\u0631\u0628\u0639 \u062a\u0633\u0648\u064a\u0642\u064a&#8221; title=&#8221;Argent et commerce&#8221; url_new_window=&#8221;off&#8221; button_style=&#8221;on&#8221; button_color=&#8221;#62d7af&#8221; button_text_color=&#8221;#ffffff&#8221; use_icon=&#8221;on&#8221; font_list=&#8221;mhicons&#8221; font_mhicons=&#8221;%%4%%&#8221; font_linearicons=&#8221;%%79%%&#8221; use_background_color=&#8221;on&#8221; background_color=&#8221;rgba(248,248,248,0.85)&#8221; background_layout=&#8221;light&#8221; text_orientation=&#8221;right&#8221; animation=&#8221;off&#8221; button_fx=&#8221;off&#8221; wide_button=&#8221;off&#8221;]<\/p>\n<p>L&#8217;exp\u00e9rience de bureau de VisionGastes comprend toutes les activit\u00e9s financi\u00e8res et commerciales, y compris les investissements \u00e9trangers dans le Royaume, les transactions bancaires et les contrats commerciaux tels que les accords d&#8217;agence et de distribution et les accords de franchise et leur licence et les \u00e9tudes juridiques n\u00e9cessaires.<\/p>\n<p>[\/mhc_cta][\/mhc_column][mhc_column type=&#8221;1_2&#8243;][mhc_cta admin_label=&#8221;\u0645\u0631\u0628\u0639 \u062a\u0633\u0648\u064a\u0642\u064a&#8221; title=&#8221;E-commerce&#8221; url_new_window=&#8221;off&#8221; button_style=&#8221;on&#8221; button_color=&#8221;#62d7af&#8221; button_text_color=&#8221;#ffffff&#8221; use_icon=&#8221;on&#8221; font_list=&#8221;mhicons&#8221; font_mhicons=&#8221;%%4%%&#8221; font_linearicons=&#8221;%%79%%&#8221; use_background_color=&#8221;on&#8221; background_color=&#8221;rgba(248,248,248,0.85)&#8221; background_layout=&#8221;light&#8221; text_orientation=&#8221;right&#8221; animation=&#8221;off&#8221; button_fx=&#8221;off&#8221; wide_button=&#8221;off&#8221;]<\/p>\n<p>Le bureau VisionGastes aide ses clients \u00e0 faire face \u00e0 la croissance rapide et \u00e9volutive du commerce \u00e9lectronique par le biais de n\u00e9gociations et de contrats dans ces domaines tels que le d\u00e9veloppement de sites Web et de licences pour fournir des services Internet et des accords de d\u00e9veloppement de programmes d&#8217;application, en plus de fournir des consultations dans les domaines du droit d&#8217;auteur et de la protection des droits techniques.<\/p>\n<p>[\/mhc_cta][\/mhc_column][\/mhc_row][mhc_row admin_label=&#8221;\u0635\u0641&#8221;][mhc_column type=&#8221;1_2&#8243;][mhc_cta admin_label=&#8221;\u0645\u0631\u0628\u0639 \u062a\u0633\u0648\u064a\u0642\u064a&#8221; title=&#8221;Contentieux&#8221; url_new_window=&#8221;off&#8221; button_style=&#8221;on&#8221; button_color=&#8221;#62d7af&#8221; button_text_color=&#8221;#ffffff&#8221; use_icon=&#8221;on&#8221; font_list=&#8221;mhicons&#8221; font_mhicons=&#8221;%%4%%&#8221; font_linearicons=&#8221;%%79%%&#8221; use_background_color=&#8221;on&#8221; background_color=&#8221;rgba(248,248,248,0.85)&#8221; background_layout=&#8221;light&#8221; text_orientation=&#8221;right&#8221; animation=&#8221;off&#8221; button_fx=&#8221;off&#8221; wide_button=&#8221;off&#8221;]<\/p>\n<p>Le bureau Vision Justice traite les litiges devant tous les tribunaux de divers degr\u00e9s et types, devant des instances judiciaires et administratives, ainsi que devant des instances quasi judiciaires et devant des comit\u00e9s de r\u00e8glement des litiges et de r\u00e8glement.<\/p>\n<p>[\/mhc_cta][\/mhc_column][mhc_column type=&#8221;1_2&#8243;][mhc_cta admin_label=&#8221;\u0645\u0631\u0628\u0639 \u062a\u0633\u0648\u064a\u0642\u064a&#8221; title=&#8221;Les entreprises&#8221; url_new_window=&#8221;off&#8221; button_style=&#8221;on&#8221; button_color=&#8221;#62d7af&#8221; button_text_color=&#8221;#ffffff&#8221; use_icon=&#8221;on&#8221; font_list=&#8221;mhicons&#8221; font_mhicons=&#8221;%%4%%&#8221; font_linearicons=&#8221;%%79%%&#8221; use_background_color=&#8221;on&#8221; background_color=&#8221;rgba(248,248,248,0.85)&#8221; background_layout=&#8221;light&#8221; text_orientation=&#8221;right&#8221; animation=&#8221;off&#8221; button_fx=&#8221;off&#8221; wide_button=&#8221;off&#8221;]<\/p>\n<p>Le bureau de VisionGastes s&#8217;occupe de tous les conseils juridiques li\u00e9s \u00e0 tous les types de soci\u00e9t\u00e9s: constitution et enregistrement de soci\u00e9t\u00e9s.<\/p>\n<p>[\/mhc_cta][\/mhc_column][\/mhc_row][mhc_row admin_label=&#8221;\u0635\u0641&#8221;][mhc_column type=&#8221;1_2&#8243;][mhc_cta admin_label=&#8221;\u0645\u0631\u0628\u0639 \u062a\u0633\u0648\u064a\u0642\u064a&#8221; title=&#8221;Construction et d\u00e9veloppement immobilier&#8221; url_new_window=&#8221;off&#8221; button_style=&#8221;on&#8221; button_color=&#8221;#62d7af&#8221; button_text_color=&#8221;#ffffff&#8221; use_icon=&#8221;on&#8221; font_list=&#8221;mhicons&#8221; font_mhicons=&#8221;%%4%%&#8221; font_linearicons=&#8221;%%79%%&#8221; use_background_color=&#8221;on&#8221; background_color=&#8221;rgba(248,248,248,0.85)&#8221; background_layout=&#8221;light&#8221; text_orientation=&#8221;right&#8221; animation=&#8221;off&#8221; button_fx=&#8221;off&#8221; wide_button=&#8221;off&#8221;]<\/p>\n<p>Le bureau Vision Justice conseille ses clients sur les questions juridiques li\u00e9es \u00e0 tous les projets immobiliers tels que l&#8217;achat, la vente, le financement, la construction, la location et la gestion immobili\u00e8re.<\/p>\n<p>[\/mhc_cta][\/mhc_column][mhc_column type=&#8221;1_2&#8243;][mhc_cta admin_label=&#8221;\u0645\u0631\u0628\u0639 \u062a\u0633\u0648\u064a\u0642\u064a&#8221; title=&#8221;Syst\u00e8me de travail&#8221; url_new_window=&#8221;off&#8221; button_style=&#8221;on&#8221; button_color=&#8221;#62d7af&#8221; button_text_color=&#8221;#ffffff&#8221; use_icon=&#8221;on&#8221; font_list=&#8221;mhicons&#8221; font_mhicons=&#8221;%%4%%&#8221; font_linearicons=&#8221;%%79%%&#8221; use_background_color=&#8221;on&#8221; background_color=&#8221;rgba(248,248,248,0.85)&#8221; background_layout=&#8221;light&#8221; text_orientation=&#8221;right&#8221; animation=&#8221;off&#8221; button_fx=&#8221;off&#8221; wide_button=&#8221;off&#8221;]<\/p>\n<p>Le bureau s&#8217;occupe de toutes les questions li\u00e9es aux syst\u00e8mes de travail, s&#8217;appuyant sur une vaste exp\u00e9rience dans la r\u00e9daction de contrats de travail locaux et internationaux, les litiges dans les conflits connexes, les responsabilit\u00e9s des employeurs et les proc\u00e9dures d&#8217;embauche et de r\u00e9mun\u00e9ration des employ\u00e9s.<\/p>\n<p>[\/mhc_cta][\/mhc_column][\/mhc_row][mhc_row admin_label=&#8221;\u0635\u0641&#8221;][mhc_column type=&#8221;1_2&#8243;][mhc_cta admin_label=&#8221;\u0645\u0631\u0628\u0639 \u062a\u0633\u0648\u064a\u0642\u064a&#8221; title=&#8221;Syst\u00e8me p\u00e9nal&#8221; url_new_window=&#8221;off&#8221; button_style=&#8221;on&#8221; button_color=&#8221;#62d7af&#8221; button_text_color=&#8221;#ffffff&#8221; use_icon=&#8221;on&#8221; font_list=&#8221;mhicons&#8221; font_mhicons=&#8221;%%4%%&#8221; font_linearicons=&#8221;%%79%%&#8221; use_background_color=&#8221;on&#8221; background_color=&#8221;rgba(248,248,248,0.85)&#8221; background_layout=&#8221;light&#8221; text_orientation=&#8221;right&#8221; animation=&#8221;off&#8221; button_fx=&#8221;off&#8221; wide_button=&#8221;off&#8221;]<\/p>\n<p>Le bureau poss\u00e8de une exp\u00e9rience approfondie du droit p\u00e9nal en vigueur conform\u00e9ment au droit islamique, en plus de sa connaissance des lois statutaires applicables le concernant dans le Royaume et dans les syst\u00e8mes judiciaires de la r\u00e9gion arabe, ainsi que sa connaissance approfondie des aspects pratiques et proc\u00e9duraux.<\/p>\n<p>[\/mhc_cta][\/mhc_column][mhc_column type=&#8221;1_2&#8243;][mhc_cta admin_label=&#8221;\u0645\u0631\u0628\u0639 \u062a\u0633\u0648\u064a\u0642\u064a&#8221; title=&#8221;Les legs&#8221; url_new_window=&#8221;off&#8221; button_style=&#8221;on&#8221; button_color=&#8221;#62d7af&#8221; button_text_color=&#8221;#ffffff&#8221; use_icon=&#8221;on&#8221; font_list=&#8221;mhicons&#8221; font_mhicons=&#8221;%%4%%&#8221; font_linearicons=&#8221;%%79%%&#8221; use_background_color=&#8221;on&#8221; background_color=&#8221;rgba(248,248,248,0.85)&#8221; background_layout=&#8221;light&#8221; text_orientation=&#8221;right&#8221; animation=&#8221;off&#8221; button_fx=&#8221;off&#8221; wide_button=&#8221;off&#8221;]<\/p>\n<p>Le bureau a une \u00e9quipe qui a une exp\u00e9rience significative dans la distribution de l&#8217;h\u00e9ritage et dans les proc\u00e9dures judiciaires et la fin des proc\u00e9dures de sukuk dans les notifications de la justice et les autorit\u00e9s comp\u00e9tentes, et une exp\u00e9rience distincte dans la repr\u00e9sentation des clients devant les tribunaux de statut personnel dans les cas et les preuves.<\/p>\n<p>[\/mhc_cta][\/mhc_column][\/mhc_row][mhc_row admin_label=&#8221;\u0635\u0641&#8221;][mhc_column type=&#8221;1_2&#8243;][mhc_cta admin_label=&#8221;\u0645\u0631\u0628\u0639 \u062a\u0633\u0648\u064a\u0642\u064a&#8221; title=&#8221;La documentation&#8221; url_new_window=&#8221;off&#8221; button_style=&#8221;on&#8221; button_color=&#8221;#62d7af&#8221; button_text_color=&#8221;#ffffff&#8221; use_icon=&#8221;on&#8221; font_list=&#8221;mhicons&#8221; font_mhicons=&#8221;%%4%%&#8221; font_linearicons=&#8221;%%79%%&#8221; use_background_color=&#8221;on&#8221; background_color=&#8221;rgba(248,248,248,0.85)&#8221; background_layout=&#8221;light&#8221; text_orientation=&#8221;right&#8221; animation=&#8221;off&#8221; button_fx=&#8221;off&#8221; wide_button=&#8221;off&#8221;]<\/p>\n<p>Le bureau VisionGastes fournit des services de documentation pour les particuliers, les institutions et les entreprises qui comprennent la documentation des contrats de vente de biens immobiliers, la division de l&#8217;argent mobile, la documentation et la transcription des agences, les contrats de location de biens immobiliers et de contrats, la documentation des contrats d&#8217;entreprise, les annexes des modifications, les d\u00e9cisions d&#8217;autorit\u00e9, les marques et les approbations financi\u00e8res.<\/p>\n<p>[\/mhc_cta][\/mhc_column][mhc_column type=&#8221;1_2&#8243;][\/mhc_column][\/mhc_row][\/mhc_section][mhc_section admin_label=&#8221;\u0642\u0633\u0645&#8221; fullwidth=&#8221;off&#8221; specialty=&#8221;off&#8221; transparent_background=&#8221;off&#8221; gradient_background=&#8221;off&#8221; background_color=&#8221;#262c33&#8243; gradient_style=&#8221;horizontal&#8221; inner_shadow=&#8221;off&#8221; parallax=&#8221;off&#8221; parallax_method=&#8221;off&#8221; video_pause=&#8221;off&#8221; allow_advanced_padding=&#8221;off&#8221; remove_padding=&#8221;off&#8221; force_fullwidth=&#8221;off&#8221; column_paddings=&#8221;padding-0pct&#8221; column_match_heights=&#8221;off&#8221; separator_top=&#8221;off&#8221; separator_bottom=&#8221;off&#8221;][mhc_row admin_label=&#8221;row&#8221; gradient_background=&#8221;off&#8221; gradient_style=&#8221;horizontal&#8221; remove_padding=&#8221;off&#8221;][mhc_column type=&#8221;3_4 w7_9_5&#8243;][mhc_cta admin_label=&#8221;\u0645\u0631\u0628\u0639 \u062a\u0633\u0648\u064a\u0642\u064a&#8221; title=&#8221;Comment pouvons-nous vous servir?&#8221; button_url=&#8221;https:\/\/vjustice.sa\/fr\/contact-us&#8221; button_text=&#8221;Contactez nous&#8221; background_color=&#8221;#44cdcd&#8221; use_background_color=&#8221;off&#8221; background_layout=&#8221;dark&#8221; text_orientation=&#8221;center&#8221; button_style=&#8221;off&#8221; button_color=&#8221;#44cdcd&#8221; button_text_color=&#8221;#ffffff&#8221; url_new_window=&#8221;off&#8221; use_icon=&#8221;off&#8221; font_list=&#8221;mhicons&#8221; animation=&#8221;bottom&#8221; button_fx=&#8221;off&#8221; wide_button=&#8221;off&#8221;] [\/mhc_cta][\/mhc_column][\/mhc_row][\/mhc_section]<\/p>\n","protected":false},"excerpt":{"rendered":"<p>[mhc_section admin_label=&#8221;section&#8221; background_color=&#8221;#f1f1f1&#8243; inner_shadow=&#8221;on&#8221; fullwidth=&#8221;on&#8221; transparent_background=&#8221;off&#8221; gradient_background=&#8221;off&#8221; background_color_second=&#8221;#444444&#8243; gradient_style=&#8221;horizontal&#8221; parallax=&#8221;off&#8221; parallax_method=&#8221;off&#8221; video_pause=&#8221;off&#8221; allow_advanced_padding=&#8221;off&#8221; remove_padding=&#8221;off&#8221; force_fullwidth=&#8221;off&#8221; column_paddings=&#8221;padding-0pct&#8221; column_match_heights=&#8221;off&#8221; separator_top=&#8221;off&#8221; separator_bottom=&#8221;off&#8221; background_image=&#8221;https:\/\/vjustice.sa\/fr\/wp-content\/uploads\/2020\/02\/adult-blur-boss-business-288477-scaled-1.jpg&#8221;][mhc_fullwidth_header admin_label=&#8221;\u0639\u0646\u0648\u0627\u0646 \u0628\u0639\u0631\u0636 \u0643\u0627\u0645\u0644&#8221; title=&#8221;Nos prestations&#8221; background_layout=&#8221;custom&#8221; text_orientation=&#8221;right&#8221; use_icon=&#8221;off&#8221; font_list=&#8221;mhicons&#8221; icon_color=&#8221;#44cdcd&#8221; use_circle=&#8221;off&#8221; circle_color=&#8221;#44cdcd&#8221; use_circle_border=&#8221;off&#8221; circle_border_color=&#8221;#44cdcd&#8221; subhead_position=&#8221;bottom&#8221; animation=&#8221;bottom&#8221; title_bold=&#8221;on&#8221; custom_paddings=&#8221;70px&#8221; use_circle_bg=&#8221;off&#8221; use_icon_size=&#8221;off&#8221; icon_size=&#8221;50&#8243; size=&#8221;36&#8243; color=&#8221;#ffffff&#8221; subhead_color=&#8221;#727272&#8243;] [\/mhc_fullwidth_header][\/mhc_section][mhc_section admin_label=&#8221;\u0642\u0633\u0645&#8221; fullwidth=&#8221;off&#8221; specialty=&#8221;off&#8221; transparent_background=&#8221;off&#8221; gradient_background=&#8221;off&#8221; background_color=&#8221;#ffffff&#8221; gradient_style=&#8221;horizontal&#8221; inner_shadow=&#8221;off&#8221; parallax=&#8221;off&#8221; parallax_method=&#8221;off&#8221; [&hellip;]<\/p>\n","protected":false},"author":1,"featured_media":0,"parent":0,"menu_order":0,"comment_status":"closed","ping_status":"closed","template":"","meta":{"footnotes":""},"class_list":["post-9504","page","type-page","status-publish","hentry"],"_links":{"self":[{"href":"https:\/\/vjustice.sa\/fr\/wp-json\/wp\/v2\/pages\/9504","targetHints":{"allow":["GET"]}}],"collection":[{"href":"https:\/\/vjustice.sa\/fr\/wp-json\/wp\/v2\/pages"}],"about":[{"href":"https:\/\/vjustice.sa\/fr\/wp-json\/wp\/v2\/types\/page"}],"author":[{"embeddable":true,"href":"https:\/\/vjustice.sa\/fr\/wp-json\/wp\/v2\/users\/1"}],"replies":[{"embeddable":true,"href":"https:\/\/vjustice.sa\/fr\/wp-json\/wp\/v2\/comments?post=9504"}],"version-history":[{"count":1,"href":"https:\/\/vjustice.sa\/fr\/wp-json\/wp\/v2\/pages\/9504\/revisions"}],"predecessor-version":[{"id":9508,"href":"https:\/\/vjustice.sa\/fr\/wp-json\/wp\/v2\/pages\/9504\/revisions\/9508"}],"wp:attachment":[{"href":"https:\/\/vjustice.sa\/fr\/wp-json\/wp\/v2\/media?parent=9504"}],"curies":[{"name":"wp","href":"https:\/\/api.w.org\/{rel}","templated":true}]}}