{"id":9529,"date":"2020-02-24T08:56:22","date_gmt":"2020-02-24T05:56:22","guid":{"rendered":"https:\/\/vjustice.sa\/fr\/?page_id=9529"},"modified":"2020-02-24T08:56:22","modified_gmt":"2020-02-24T05:56:22","slug":"redaction-de-contrats","status":"publish","type":"page","link":"https:\/\/vjustice.sa\/fr\/redaction-de-contrats\/","title":{"rendered":"R\u00e9daction de contrats"},"content":{"rendered":"<p>[mhc_section admin_label=&#8221;\u0642\u0633\u0645&#8221; fullwidth=&#8221;on&#8221; specialty=&#8221;off&#8221; background_image=&#8221;https:\/\/vjustice.sa\/fr\/wp-content\/uploads\/2020\/02\/sign-pen-business-document-48148-scaled-1.jpg&#8221; transparent_background=&#8221;off&#8221; gradient_background=&#8221;off&#8221; background_color=&#8221;#ffffff&#8221; gradient_style=&#8221;horizontal&#8221; inner_shadow=&#8221;off&#8221; parallax=&#8221;off&#8221; parallax_method=&#8221;off&#8221; video_pause=&#8221;off&#8221; allow_advanced_padding=&#8221;off&#8221; remove_padding=&#8221;off&#8221; force_fullwidth=&#8221;off&#8221; column_paddings=&#8221;padding-0pct&#8221; column_match_heights=&#8221;off&#8221; separator_top=&#8221;off&#8221; separator_bottom=&#8221;off&#8221;][mhc_fullwidth_header admin_label=&#8221;\u0639\u0646\u0648\u0627\u0646 \u0628\u0639\u0631\u0636 \u0643\u0627\u0645\u0644&#8221; title=&#8221;R\u00e9daction de contrats&#8221; subhead_position=&#8221;bottom&#8221; background_layout=&#8221;light&#8221; text_orientation=&#8221;right&#8221; animation=&#8221;off&#8221; title_bold=&#8221;off&#8221; custom_paddings=&#8221;70px&#8221; use_icon=&#8221;off&#8221; font_list=&#8221;mhicons&#8221; icon_color=&#8221;#0a7099&#8243; use_circle=&#8221;off&#8221; use_circle_bg=&#8221;off&#8221; circle_color=&#8221;#0a7099&#8243; use_circle_border=&#8221;off&#8221; circle_border_color=&#8221;#0a7099&#8243; use_icon_size=&#8221;off&#8221; icon_size=&#8221;50&#8243;] [\/mhc_fullwidth_header][\/mhc_section][mhc_section admin_label=&#8221;section&#8221;][mhc_row admin_label=&#8221;row&#8221;][mhc_column type=&#8221;4_4&#8243;][mhc_text admin_label=&#8221;\u0646\u0635&#8221; background_layout=&#8221;light&#8221; text_orientation=&#8221;right&#8221;]<\/p>\n<h3>Vision Justice est l&#8217;un des bureaux de r\u00e9daction juridique en Arabie saoudite. Nos services de r\u00e9daction juridique couvrent de nombreux domaines tels que la r\u00e9daction de testaments, la r\u00e9daction de contrats commerciaux, la r\u00e9daction et la r\u00e9daction de contrats juridiques et de notes juridiques. R\u00e9daction des accords commerciaux, r\u00e9daction et r\u00e9daction des contrats de travail et d&#8217;emploi, r\u00e9daction et r\u00e9daction du contrat d&#8217;entreprise, r\u00e9daction des statuts de l&#8217;entreprise, r\u00e9daction du r\u00e8glement int\u00e9rieur, r\u00e9daction du syst\u00e8me des affaires du personnel, r\u00e9daction des accords de conciliation.<br \/>\nUne \u00e9quipe sp\u00e9cialis\u00e9e de consultants juridiques ayant une exp\u00e9rience dans la r\u00e9daction et la r\u00e9daction de documents juridiques, la r\u00e9daction et la r\u00e9daction de divers contrats et l&#8217;analyse juridique de documents travaille avec nous.<\/h3>\n<p>[\/mhc_text][\/mhc_column][\/mhc_row][\/mhc_section][mhc_section admin_label=&#8221;\u0642\u0633\u0645&#8221; fullwidth=&#8221;off&#8221; specialty=&#8221;off&#8221;][mhc_row admin_label=&#8221;\u0635\u0641&#8221;][mhc_column type=&#8221;4_4&#8243;][mhc_cta admin_label=&#8221;\u0645\u0631\u0628\u0639 \u062a\u0633\u0648\u064a\u0642\u064a&#8221; title=&#8221;Besoin d&#8217;un service de r\u00e9daction de contrat?&#8221; button_url=&#8221;https:\/\/vjustice.sa\/fr\/contact-us\/&#8221; url_new_window=&#8221;off&#8221; button_style=&#8221;off&#8221; button_color=&#8221;#0a7099&#8243; button_text_color=&#8221;#ffffff&#8221; use_icon=&#8221;on&#8221; font_list=&#8221;mhicons&#8221; font_mhicons=&#8221;%%5%%&#8221; use_background_color=&#8221;on&#8221; background_color=&#8221;#0a7099&#8243; background_layout=&#8221;dark&#8221; text_orientation=&#8221;right&#8221; animation=&#8221;off&#8221; button_fx=&#8221;off&#8221; wide_button=&#8221;off&#8221; button_text=&#8221;\u0627\u0644\u062a\u0648\u0627\u0635\u0644 \u0627\u0644\u0622\u0646&#8221;]<\/p>\n<p>Nous sommes heureux de recevoir les demandes de r\u00e9daction de contrats par e-mail, et vous recevrez une r\u00e9ponse dans les 24 heures suivant la confirmation de votre demande.<\/p>\n<p>[\/mhc_cta][\/mhc_column][\/mhc_row][\/mhc_section]<\/p>\n","protected":false},"excerpt":{"rendered":"<p>[mhc_section admin_label=&#8221;\u0642\u0633\u0645&#8221; fullwidth=&#8221;on&#8221; specialty=&#8221;off&#8221; background_image=&#8221;https:\/\/vjustice.sa\/fr\/wp-content\/uploads\/2020\/02\/sign-pen-business-document-48148-scaled-1.jpg&#8221; transparent_background=&#8221;off&#8221; gradient_background=&#8221;off&#8221; background_color=&#8221;#ffffff&#8221; gradient_style=&#8221;horizontal&#8221; inner_shadow=&#8221;off&#8221; parallax=&#8221;off&#8221; parallax_method=&#8221;off&#8221; video_pause=&#8221;off&#8221; allow_advanced_padding=&#8221;off&#8221; remove_padding=&#8221;off&#8221; force_fullwidth=&#8221;off&#8221; column_paddings=&#8221;padding-0pct&#8221; column_match_heights=&#8221;off&#8221; separator_top=&#8221;off&#8221; separator_bottom=&#8221;off&#8221;][mhc_fullwidth_header admin_label=&#8221;\u0639\u0646\u0648\u0627\u0646 \u0628\u0639\u0631\u0636 \u0643\u0627\u0645\u0644&#8221; title=&#8221;R\u00e9daction de contrats&#8221; subhead_position=&#8221;bottom&#8221; background_layout=&#8221;light&#8221; text_orientation=&#8221;right&#8221; animation=&#8221;off&#8221; title_bold=&#8221;off&#8221; custom_paddings=&#8221;70px&#8221; use_icon=&#8221;off&#8221; font_list=&#8221;mhicons&#8221; icon_color=&#8221;#0a7099&#8243; use_circle=&#8221;off&#8221; use_circle_bg=&#8221;off&#8221; circle_color=&#8221;#0a7099&#8243; use_circle_border=&#8221;off&#8221; circle_border_color=&#8221;#0a7099&#8243; use_icon_size=&#8221;off&#8221; icon_size=&#8221;50&#8243;] [\/mhc_fullwidth_header][\/mhc_section][mhc_section admin_label=&#8221;section&#8221;][mhc_row admin_label=&#8221;row&#8221;][mhc_column type=&#8221;4_4&#8243;][mhc_text admin_label=&#8221;\u0646\u0635&#8221; background_layout=&#8221;light&#8221; text_orientation=&#8221;right&#8221;] Vision Justice est l&#8217;un des bureaux [&hellip;]<\/p>\n","protected":false},"author":1,"featured_media":0,"parent":0,"menu_order":0,"comment_status":"closed","ping_status":"closed","template":"","meta":{"footnotes":""},"class_list":["post-9529","page","type-page","status-publish","hentry"],"_links":{"self":[{"href":"https:\/\/vjustice.sa\/fr\/wp-json\/wp\/v2\/pages\/9529","targetHints":{"allow":["GET"]}}],"collection":[{"href":"https:\/\/vjustice.sa\/fr\/wp-json\/wp\/v2\/pages"}],"about":[{"href":"https:\/\/vjustice.sa\/fr\/wp-json\/wp\/v2\/types\/page"}],"author":[{"embeddable":true,"href":"https:\/\/vjustice.sa\/fr\/wp-json\/wp\/v2\/users\/1"}],"replies":[{"embeddable":true,"href":"https:\/\/vjustice.sa\/fr\/wp-json\/wp\/v2\/comments?post=9529"}],"version-history":[{"count":1,"href":"https:\/\/vjustice.sa\/fr\/wp-json\/wp\/v2\/pages\/9529\/revisions"}],"predecessor-version":[{"id":9532,"href":"https:\/\/vjustice.sa\/fr\/wp-json\/wp\/v2\/pages\/9529\/revisions\/9532"}],"wp:attachment":[{"href":"https:\/\/vjustice.sa\/fr\/wp-json\/wp\/v2\/media?parent=9529"}],"curies":[{"name":"wp","href":"https:\/\/api.w.org\/{rel}","templated":true}]}}